{"id":33,"date":"2024-03-05T09:31:47","date_gmt":"2024-03-05T09:31:47","guid":{"rendered":"http:\/\/www.puymelecsolaire.fr\/contact-us\/"},"modified":"2025-06-13T11:38:39","modified_gmt":"2025-06-13T11:38:39","slug":"contact-us","status":"publish","type":"page","link":"https:\/\/puymelecsolaire.fr\/?page_id=33","title":{"rendered":"Contact"},"content":{"rendered":"\t\t<div data-elementor-type=\"wp-page\" data-elementor-id=\"33\" class=\"elementor elementor-33\">\n\t\t\t\t<div class=\"elementor-element elementor-element-7d576cc e-flex e-con-boxed e-con e-parent\" data-id=\"7d576cc\" data-element_type=\"container\">\n\t\t\t\t\t<div class=\"e-con-inner\">\n\t\t\t\t<div class=\"elementor-element elementor-element-727f9e5 elementor-widget elementor-widget-heading\" data-id=\"727f9e5\" data-element_type=\"widget\" data-widget_type=\"heading.default\">\n\t\t\t\t<div class=\"elementor-widget-container\">\n\t\t\t<h2 class=\"elementor-heading-title elementor-size-default\">Contactez - nous.<br><\/h2>\t\t<\/div>\n\t\t\t\t<\/div>\n\t\t\t\t\t<\/div>\n\t\t\t\t<\/div>\n\t\t<div class=\"elementor-element elementor-element-47eb533 e-flex e-con-boxed e-con e-parent\" data-id=\"47eb533\" data-element_type=\"container\">\n\t\t\t\t\t<div class=\"e-con-inner\">\n\t\t\t\t<div class=\"elementor-element elementor-element-d8ba71f elementor-widget elementor-widget-image\" data-id=\"d8ba71f\" data-element_type=\"widget\" data-widget_type=\"image.default\">\n\t\t\t\t<div class=\"elementor-widget-container\">\n\t\t\t\t\t\t\t\t\t\t\t\t\t<img decoding=\"async\" src=\"https:\/\/puymelecsolaire.fr\/wp-content\/uploads\/elementor\/thumbs\/Story-instagram-fiche-contact-professionnel-minimaliste-noir-r78vge4m28cg8ij55v7mg6umewnhqtaqv57dgq0fig.png\" title=\"Story instagram fiche contact professionnel minimaliste noir\" alt=\"Story instagram fiche contact professionnel minimaliste noir\" loading=\"lazy\" \/>\t\t\t\t\t\t\t\t\t\t\t\t\t<\/div>\n\t\t\t\t<\/div>\n\t\t\t\t\t<\/div>\n\t\t\t\t<\/div>\n\t\t<div class=\"elementor-element elementor-element-2c1abeb e-flex e-con-boxed e-con e-parent\" data-id=\"2c1abeb\" data-element_type=\"container\">\n\t\t\t\t\t<div class=\"e-con-inner\">\n\t\t\t\t<div class=\"elementor-element elementor-element-a6833b4 elementor-widget elementor-widget-spacer\" data-id=\"a6833b4\" data-element_type=\"widget\" data-widget_type=\"spacer.default\">\n\t\t\t\t<div class=\"elementor-widget-container\">\n\t\t\t\t\t<div class=\"elementor-spacer\">\n\t\t\t<div class=\"elementor-spacer-inner\"><\/div>\n\t\t<\/div>\n\t\t\t\t<\/div>\n\t\t\t\t<\/div>\n\t\t\t\t\t<\/div>\n\t\t\t\t<\/div>\n\t\t<div class=\"elementor-element elementor-element-85348c0 e-flex e-con-boxed e-con e-parent\" data-id=\"85348c0\" data-element_type=\"container\">\n\t\t\t\t\t<div class=\"e-con-inner\">\n\t\t\t\t<div class=\"elementor-element elementor-element-d6e0706 elementor-widget elementor-widget-spacer\" data-id=\"d6e0706\" data-element_type=\"widget\" data-widget_type=\"spacer.default\">\n\t\t\t\t<div class=\"elementor-widget-container\">\n\t\t\t\t\t<div class=\"elementor-spacer\">\n\t\t\t<div class=\"elementor-spacer-inner\"><\/div>\n\t\t<\/div>\n\t\t\t\t<\/div>\n\t\t\t\t<\/div>\n\t\t\t\t\t<\/div>\n\t\t\t\t<\/div>\n\t\t<div class=\"elementor-element elementor-element-e5a78c4 e-flex e-con-boxed e-con e-parent\" data-id=\"e5a78c4\" data-element_type=\"container\">\n\t\t\t\t\t<div class=\"e-con-inner\">\n\t\t\t\t<div class=\"elementor-element elementor-element-e76fa80 elementor-widget elementor-widget-heading\" data-id=\"e76fa80\" data-element_type=\"widget\" data-widget_type=\"heading.default\">\n\t\t\t\t<div class=\"elementor-widget-container\">\n\t\t\t<h2 class=\"elementor-heading-title elementor-size-default\"><b><u>Politique de Confidentialit\u00e9 de Puymelec Solaire\n<\/u><\/b>\nDerni\u00e8re mise \u00e0 jour : 01.10.2024\n\nChez Puymelec Solaire, nous nous engageons \u00e0 prot\u00e9ger la vie priv\u00e9e de nos clients et des utilisateurs de notre site internet. Cette Politique de Confidentialit\u00e9 d\u00e9crit les types d'informations que nous recueillons, comment nous les utilisons, et vos droits concernant vos donn\u00e9es personnelles.\n\n1. Informations que nous collectons\nNous pouvons collecter et traiter les informations suivantes :\n\nInformations d'identification personnelle : Puymelec Solaire, Camp de Cabane, 46130 Prudhomat,,05 65 40 95 76, contact@puymelecsolaire.fr.\n\nDonn\u00e9es de connexion : Site non marchand avec suite wordpress.\n\n\nDonn\u00e9es de communication sur contact@puymelecsolaire.fr\n\n2. Utilisation de vos informations\nNous utilisons les informations que nous collectons aux fins suivantes :\n\nPour traiter vos demandes et vous fournir les services que vous avez demand\u00e9s.\nPour am\u00e9liorer notre site et nos services.\nPour vous informer des mises \u00e0 jour de nos services ou des promotions.\nPour respecter nos obligations l\u00e9gales et r\u00e9glementaires.\n\n3. Partage de vos informations\nNous ne vendrons ni ne louerons vos informations personnelles \u00e0 des tiers. Nous pouvons partager vos donn\u00e9es avec :\n\nPrestataires de services : Crom\n\nAutorit\u00e9s l\u00e9gales : Si n\u00e9cessaire, pour respecter la loi ou prot\u00e9ger nos droits.\n\n4. S\u00e9curit\u00e9 de vos informations\nNous mettons en \u0153uvre des mesures de s\u00e9curit\u00e9 appropri\u00e9es pour prot\u00e9ger vos donn\u00e9es personnelles contre toute utilisation non autoris\u00e9e ou toute perte. Cependant, aucune m\u00e9thode de transmission sur Internet ou m\u00e9thode de stockage \u00e9lectronique n'est totalement s\u00e9curis\u00e9e. Nous ne pouvons garantir la s\u00e9curit\u00e9 absolue de vos informations.\n\n5. Vos droits\nConform\u00e9ment \u00e0 la r\u00e9glementation applicable, vous disposez des droits suivants :\n\nDroit d'acc\u00e8s : Vous avez le droit de demander des copies de vos informations personnelles.\nDroit de rectification : Vous avez le droit de demander la correction de vos informations personnelles si celles-ci sont inexactes ou incompl\u00e8tes.\nDroit \u00e0 l'effacement : Vous avez le droit de demander l'effacement de vos donn\u00e9es personnelles sous certaines conditions.\nDroit d'opposition : Vous avez le droit de vous opposer au traitement de vos donn\u00e9es personnelles dans certaines circonstances.\nPour exercer vos droits, veuillez nous contacter \u00e0 l'adresse suivante : [adresse e-mail de contact].\n\n6. Modifications de notre Politique de Confidentialit\u00e9\nNous pouvons mettre \u00e0 jour cette Politique de Confidentialit\u00e9 de temps \u00e0 autre. Nous vous informerons de tout changement en publiant la nouvelle Politique sur notre site. Nous vous encourageons \u00e0 consulter r\u00e9guli\u00e8rement cette page pour \u00eatre inform\u00e9 de toute modification.\n\n7. Contact\nSi vous avez des questions concernant cette Politique de Confidentialit\u00e9, vous pouvez nous contacter \u00e0 l'adresse suivante : contact@puymelecsolaire.fr ou par t\u00e9l\u00e9phone au 05 65 40 95 76.<br><br><br><\/h2>\t\t<\/div>\n\t\t\t\t<\/div>\n\t\t\t\t\t<\/div>\n\t\t\t\t<\/div>\n\t\t<div class=\"elementor-element elementor-element-0142ec9 e-flex e-con-boxed e-con e-parent\" data-id=\"0142ec9\" data-element_type=\"container\">\n\t\t\t\t\t<div class=\"e-con-inner\">\n\t\t\t\t<div class=\"elementor-element elementor-element-ab38447 elementor-widget elementor-widget-heading\" data-id=\"ab38447\" data-element_type=\"widget\" data-widget_type=\"heading.default\">\n\t\t\t\t<div class=\"elementor-widget-container\">\n\t\t\t<h2 class=\"elementor-heading-title elementor-size-default\"><b><u><i>Conditions G\u00e9n\u00e9rales d'Utilisation (CGU) de Puymelec Solaire\n<\/i><\/u><\/b>\nDerni\u00e8re mise \u00e0 jour : 01.10\n\nLes pr\u00e9sentes Conditions G\u00e9n\u00e9rales d'Utilisation (CGU) r\u00e9gissent l'acc\u00e8s et l'utilisation du site puymelecsolaire.fr de Puymelec Solaire. En acc\u00e9dant ou en utilisant le Site, vous acceptez de vous conformer aux pr\u00e9sentes CGU. Si vous n'acceptez pas ces conditions, veuillez ne pas utiliser le Site.\n\n1. Objet\nLes CGU ont pour objet de d\u00e9finir les conditions d'acc\u00e8s et d'utilisation du Site. Puymelec Solaire se r\u00e9serve le droit de modifier ces CGU \u00e0 tout moment, sans pr\u00e9avis. Il est donc conseill\u00e9 \u00e0 l'Utilisateur de consulter r\u00e9guli\u00e8rement cette page.\n\n2. Acc\u00e8s au Site\nL'acc\u00e8s au Site est gratuit et ouvert \u00e0 tous. Puymelec Solaire met en \u0153uvre des moyens raisonnables pour assurer l'accessibilit\u00e9 du Site, mais ne peut garantir un acc\u00e8s permanent et ininterrompu.\n\n3. Propri\u00e9t\u00e9 intellectuelle\nTous les contenus pr\u00e9sents sur le Site, y compris les textes, images, logos, vid\u00e9os, et autres \u00e9l\u00e9ments, sont la propri\u00e9t\u00e9 exclusive de Puymelec Solaire ou de tiers ayant autoris\u00e9 leur utilisation. Toute reproduction, distribution, ou utilisation non autoris\u00e9e de ces contenus est interdite.\n\n4. Donn\u00e9es personnelles\nPuymelec Solaire s'engage \u00e0 prot\u00e9ger les donn\u00e9es personnelles des utilisateurs conform\u00e9ment \u00e0 sa Politique de Confidentialit\u00e9. Les donn\u00e9es collect\u00e9es via le Site ne seront utilis\u00e9es que dans le cadre de la gestion de la relation avec l'Utilisateur et ne seront pas transmises \u00e0 des tiers sans autorisation pr\u00e9alable.\n\n5. Comportement de l'utilisateur\nL'Utilisateur s'engage \u00e0 ne pas utiliser le Site de mani\u00e8re abusive ou contraire \u00e0 la loi, notamment en :\n\nDiffusant des contenus ill\u00e9gaux, diffamatoires, ou offensants.\nPerturbant le fonctionnement du Site ou des serveurs qui l'h\u00e9bergent.\nTentant d'acc\u00e9der \u00e0 des zones non autoris\u00e9es du Site.\n6. Limitation de responsabilit\u00e9\nPuymelec Solaire s'efforce de fournir des informations pr\u00e9cises et \u00e0 jour sur le Site. Cependant, aucune garantie n'est donn\u00e9e quant \u00e0 l'exactitude, la fiabilit\u00e9 ou l'exhaustivit\u00e9 des informations fournies. En aucun cas, Puymelec Solaire ne pourra \u00eatre tenu responsable des dommages directs ou indirects r\u00e9sultant de l'utilisation du Site ou des informations qui y figurent.\n\n7. Liens vers des sites tiers\nLe Site peut contenir des liens vers d'autres sites. Puymelec Solaire ne peut \u00eatre tenu responsable du contenu de ces sites et de leurs pratiques en mati\u00e8re de protection des donn\u00e9es personnelles. L'Utilisateur est invit\u00e9 \u00e0 consulter les conditions g\u00e9n\u00e9rales et politiques de confidentialit\u00e9 de ces sites.\n\n8. Droit applicable\nLes pr\u00e9sentes CGU sont r\u00e9gies par le droit fran\u00e7ais. En cas de litige, les parties s'engagent \u00e0 rechercher une solution amiable. \u00c0 d\u00e9faut d'accord, le litige sera soumis aux tribunaux comp\u00e9tents.\n\n9. Contact\nPour toute question relative aux pr\u00e9sentes CGU, l'Utilisateur peut contacter Puymelec Solaire \u00e0 l'adresse suivante : contact@puymelecsolaire.fr ou par t\u00e9l\u00e9phone au 05 65 40 95 76<\/h2>\t\t<\/div>\n\t\t\t\t<\/div>\n\t\t\t\t\t<\/div>\n\t\t\t\t<\/div>\n\t\t\t\t<\/div>\n\t\t","protected":false},"excerpt":{"rendered":"<p>Contactez &#8211; nous. Politique de Confidentialit\u00e9 de Puymelec Solaire Derni\u00e8re mise \u00e0 jour : 01.10.2024 Chez Puymelec Solaire, nous nous engageons \u00e0 prot\u00e9ger la vie priv\u00e9e de nos clients et des utilisateurs de notre site internet. Cette Politique de Confidentialit\u00e9 d\u00e9crit les types d&rsquo;informations que nous recueillons, comment nous les utilisons, et vos droits concernant [&hellip;]<\/p>\n","protected":false},"author":1,"featured_media":0,"parent":0,"menu_order":0,"comment_status":"closed","ping_status":"closed","template":"elementor_header_footer","meta":{"footnotes":""},"class_list":["post-33","page","type-page","status-publish","hentry"],"_links":{"self":[{"href":"https:\/\/puymelecsolaire.fr\/index.php?rest_route=\/wp\/v2\/pages\/33"}],"collection":[{"href":"https:\/\/puymelecsolaire.fr\/index.php?rest_route=\/wp\/v2\/pages"}],"about":[{"href":"https:\/\/puymelecsolaire.fr\/index.php?rest_route=\/wp\/v2\/types\/page"}],"author":[{"embeddable":true,"href":"https:\/\/puymelecsolaire.fr\/index.php?rest_route=\/wp\/v2\/users\/1"}],"replies":[{"embeddable":true,"href":"https:\/\/puymelecsolaire.fr\/index.php?rest_route=%2Fwp%2Fv2%2Fcomments&post=33"}],"version-history":[{"count":62,"href":"https:\/\/puymelecsolaire.fr\/index.php?rest_route=\/wp\/v2\/pages\/33\/revisions"}],"predecessor-version":[{"id":796,"href":"https:\/\/puymelecsolaire.fr\/index.php?rest_route=\/wp\/v2\/pages\/33\/revisions\/796"}],"wp:attachment":[{"href":"https:\/\/puymelecsolaire.fr\/index.php?rest_route=%2Fwp%2Fv2%2Fmedia&parent=33"}],"curies":[{"name":"wp","href":"https:\/\/api.w.org\/{rel}","templated":true}]}}