{"id":299,"date":"2024-03-06T19:53:24","date_gmt":"2024-03-06T19:53:24","guid":{"rendered":"http:\/\/www.puymelecsolaire.fr\/?page_id=299"},"modified":"2025-11-26T14:09:40","modified_gmt":"2025-11-26T14:09:40","slug":"industries-tertiaires-collectivites","status":"publish","type":"page","link":"https:\/\/puymelecsolaire.fr\/?page_id=299","title":{"rendered":"Industries \/ Tertiaires \/ Collectivit\u00e9s"},"content":{"rendered":"\t\t<div data-elementor-type=\"wp-page\" data-elementor-id=\"299\" class=\"elementor elementor-299\">\n\t\t\t\t<div class=\"elementor-element elementor-element-d5cfde3 e-flex e-con-boxed e-con e-parent\" data-id=\"d5cfde3\" data-element_type=\"container\" data-settings=\"{&quot;background_background&quot;:&quot;slideshow&quot;,&quot;background_slideshow_gallery&quot;:[{&quot;id&quot;:71,&quot;url&quot;:&quot;http:\\\/\\\/www.puymelecsolaire.fr\\\/wp-content\\\/uploads\\\/2024\\\/03\\\/DJI_0961-scaled.jpg&quot;},{&quot;id&quot;:83,&quot;url&quot;:&quot;http:\\\/\\\/www.puymelecsolaire.fr\\\/wp-content\\\/uploads\\\/2024\\\/03\\\/DJI_0001-scaled.jpg&quot;},{&quot;id&quot;:84,&quot;url&quot;:&quot;http:\\\/\\\/www.puymelecsolaire.fr\\\/wp-content\\\/uploads\\\/2024\\\/03\\\/DJI_0006-scaled.jpg&quot;},{&quot;id&quot;:85,&quot;url&quot;:&quot;http:\\\/\\\/www.puymelecsolaire.fr\\\/wp-content\\\/uploads\\\/2024\\\/03\\\/DJI_0985-scaled.jpg&quot;},{&quot;id&quot;:86,&quot;url&quot;:&quot;http:\\\/\\\/www.puymelecsolaire.fr\\\/wp-content\\\/uploads\\\/2024\\\/03\\\/DJI_0951-scaled.jpg&quot;},{&quot;id&quot;:87,&quot;url&quot;:&quot;http:\\\/\\\/www.puymelecsolaire.fr\\\/wp-content\\\/uploads\\\/2024\\\/03\\\/DJI_0961-1-scaled.jpg&quot;},{&quot;id&quot;:88,&quot;url&quot;:&quot;http:\\\/\\\/www.puymelecsolaire.fr\\\/wp-content\\\/uploads\\\/2024\\\/03\\\/DJI_0966-scaled.jpg&quot;}],&quot;background_slideshow_loop&quot;:&quot;yes&quot;,&quot;background_slideshow_slide_duration&quot;:5000,&quot;background_slideshow_slide_transition&quot;:&quot;fade&quot;,&quot;background_slideshow_transition_duration&quot;:500}\">\n\t\t\t\t\t<div class=\"e-con-inner\">\n\t\t\t\t<div class=\"elementor-element elementor-element-3ecd55be elementor-invisible elementor-widget elementor-widget-heading\" data-id=\"3ecd55be\" data-element_type=\"widget\" data-settings=\"{&quot;_animation&quot;:&quot;fadeIn&quot;}\" data-widget_type=\"heading.default\">\n\t\t\t\t<div class=\"elementor-widget-container\">\n\t\t\t<h1 class=\"elementor-heading-title elementor-size-default\">Puymelec Solaire, votre \u00e9nergie solaire locale et sur mesure.<\/h1>\t\t<\/div>\n\t\t\t\t<\/div>\n\t\t\t\t<div class=\"elementor-element elementor-element-32b3f1bc elementor-invisible elementor-widget elementor-widget-heading\" data-id=\"32b3f1bc\" data-element_type=\"widget\" data-settings=\"{&quot;_animation&quot;:&quot;fadeIn&quot;}\" data-widget_type=\"heading.default\">\n\t\t\t\t<div class=\"elementor-widget-container\">\n\t\t\t<h5 class=\"elementor-heading-title elementor-size-default\">Install\u00e9e dans le Lot et la Correze , Puymelec Solaire, entreprise locale et familiale sp\u00e9cialiste de l\u2019\u00e9nergie solaire photovolta\u00efque vous propose des solutions adapt\u00e9es \u00e0 vos besoins.<\/h5>\t\t<\/div>\n\t\t\t\t<\/div>\n\t\t\t\t<div class=\"elementor-element elementor-element-337b73c elementor-align-center elementor-invisible elementor-widget elementor-widget-button\" data-id=\"337b73c\" data-element_type=\"widget\" data-settings=\"{&quot;_animation&quot;:&quot;zoomIn&quot;,&quot;_animation_delay&quot;:400}\" data-widget_type=\"button.default\">\n\t\t\t\t<div class=\"elementor-widget-container\">\n\t\t\t\t\t<div class=\"elementor-button-wrapper\">\n\t\t\t<a class=\"elementor-button elementor-button-link elementor-size-sm\" href=\"https:\/\/g.co\/kgs\/fCNW3c7\">\n\t\t\t\t\t\t<span class=\"elementor-button-content-wrapper\">\n\t\t\t\t\t\t\t\t\t<span class=\"elementor-button-text\">05.65.40.95.76<\/span>\n\t\t\t\t\t<\/span>\n\t\t\t\t\t<\/a>\n\t\t<\/div>\n\t\t\t\t<\/div>\n\t\t\t\t<\/div>\n\t\t\t\t\t<\/div>\n\t\t\t\t<\/div>\n\t\t<div class=\"elementor-element elementor-element-76b52626 e-flex e-con-boxed e-con e-parent\" data-id=\"76b52626\" data-element_type=\"container\">\n\t\t\t\t\t<div class=\"e-con-inner\">\n\t\t\t\t<div class=\"elementor-element elementor-element-30e5297 elementor-widget elementor-widget-heading\" data-id=\"30e5297\" data-element_type=\"widget\" data-widget_type=\"heading.default\">\n\t\t\t\t<div class=\"elementor-widget-container\">\n\t\t\t<h2 class=\"elementor-heading-title elementor-size-default\">Vous \u00eates un <i>industriel<\/i> ? <\/h2>\t\t<\/div>\n\t\t\t\t<\/div>\n\t\t\t\t<div class=\"elementor-element elementor-element-ccbb979 elementor-widget elementor-widget-heading\" data-id=\"ccbb979\" data-element_type=\"widget\" data-widget_type=\"heading.default\">\n\t\t\t\t<div class=\"elementor-widget-container\">\n\t\t\t<h5 class=\"elementor-heading-title elementor-size-default\">Le contexte est constamment en mouvement, mais que disent les lois ? <\/h5>\t\t<\/div>\n\t\t\t\t<\/div>\n\t\t<div class=\"elementor-element elementor-element-b2d7dbe e-con-full e-flex e-con e-child\" data-id=\"b2d7dbe\" data-element_type=\"container\">\n\t\t\t\t<div class=\"elementor-element elementor-element-43ed2439 elementor-widget-tablet__width-initial elementor-widget-mobile__width-inherit elementor-widget__width-initial elementor-position-top elementor-widget elementor-widget-image-box\" data-id=\"43ed2439\" data-element_type=\"widget\" data-widget_type=\"image-box.default\">\n\t\t\t\t<div class=\"elementor-widget-container\">\n\t\t\t<div class=\"elementor-image-box-wrapper\"><figure class=\"elementor-image-box-img\"><img decoding=\"async\" src=\"https:\/\/puymelecsolaire.fr\/wp-content\/uploads\/elementor\/thumbs\/1-1-qkux5ajrhac75so7w555ba22eo7aqtbt9tbz4g062g.png\" title=\"1\" alt=\"1\" class=\"elementor-animation-grow\" loading=\"lazy\" \/><\/figure><div class=\"elementor-image-box-content\"><h4 class=\"elementor-image-box-title\">Loi Biodiversit\u00e9 <\/h4><p class=\"elementor-image-box-description\">Loi Biodiversit\u00e9 d\u2019Ao\u00fbt 2016 : Obligation \npour tout permis de construire d\u00e9pos\u00e9 \ndepuis le 1er mars 2017 d\u2019installer sur tout ou partie de la toiture une production d\u2019ENR, plus sp\u00e9cifiquement pour les b\u00e2timents commerciaux de plus de 1 000 m\u00b2<\/p><\/div><\/div>\t\t<\/div>\n\t\t\t\t<\/div>\n\t\t\t\t<div class=\"elementor-element elementor-element-3afe9b04 elementor-widget-tablet__width-initial elementor-widget-mobile__width-inherit elementor-widget__width-initial elementor-position-top elementor-widget elementor-widget-image-box\" data-id=\"3afe9b04\" data-element_type=\"widget\" data-widget_type=\"image-box.default\">\n\t\t\t\t<div class=\"elementor-widget-container\">\n\t\t\t<div class=\"elementor-image-box-wrapper\"><figure class=\"elementor-image-box-img\"><img decoding=\"async\" src=\"https:\/\/puymelecsolaire.fr\/wp-content\/uploads\/elementor\/thumbs\/DJI_0665-scaled-qv7l6lr1gzv7yz6im8qnc4xu10if0orw5k0gxeqbi0.jpg\" title=\"DJI_0665\" alt=\"DJI_0665\" class=\"elementor-animation-grow\" loading=\"lazy\" \/><\/figure><div class=\"elementor-image-box-content\"><h4 class=\"elementor-image-box-title\">Loi Energie-Climat<\/h4><p class=\"elementor-image-box-description\">Loi Energie-Climat de novembre 2019 :  \nrecours pour 30% de la toiture \u00e0 une \nENR pour toute construction neuve de \nplus de 1000m\u00b2 et bient\u00f4t \u00e0 500m\u00b2 pour les applications suivantes :\n \n\u2022 B\u00e2timent \u00e0 usage industriel ou artisanal \/ Entrep\u00f4t \/ Parking ouvert  \/ Commerce<\/p><\/div><\/div>\t\t<\/div>\n\t\t\t\t<\/div>\n\t\t\t\t<div class=\"elementor-element elementor-element-4013ea92 elementor-widget-tablet__width-initial elementor-widget-mobile__width-inherit elementor-widget__width-initial elementor-position-top elementor-widget elementor-widget-image-box\" data-id=\"4013ea92\" data-element_type=\"widget\" data-widget_type=\"image-box.default\">\n\t\t\t\t<div class=\"elementor-widget-container\">\n\t\t\t<div class=\"elementor-image-box-wrapper\"><figure class=\"elementor-image-box-img\"><img decoding=\"async\" src=\"https:\/\/puymelecsolaire.fr\/wp-content\/uploads\/elementor\/thumbs\/2-1-qkux5bhlo4dhhemuqnjrvrtj022nyifjlxzglpyrw8.png\" title=\"2\" alt=\"2\" class=\"elementor-animation-grow\" loading=\"lazy\" \/><\/figure><div class=\"elementor-image-box-content\"><h4 class=\"elementor-image-box-title\">Exp\u00e9rimentation \u201cE+C -\u201d<\/h4><p class=\"elementor-image-box-description\">R\u00e9glementation Environnementale 2020, qui int\u00e8gre deux nouveaux \ncrit\u00e8res par rapport \u00e0 le RT 2012 : crit\u00e8re carbone et crit\u00e8re \u00e9nergie (il faut produire tout ou partie de l\u2019\u00e9lectricit\u00e9 du b\u00e2timent).<\/p><\/div><\/div>\t\t<\/div>\n\t\t\t\t<\/div>\n\t\t\t\t<div class=\"elementor-element elementor-element-580d492f elementor-widget-tablet__width-initial elementor-widget-mobile__width-inherit elementor-widget__width-initial elementor-position-top elementor-widget elementor-widget-image-box\" data-id=\"580d492f\" data-element_type=\"widget\" data-widget_type=\"image-box.default\">\n\t\t\t\t<div class=\"elementor-widget-container\">\n\t\t\t<div class=\"elementor-image-box-wrapper\"><figure class=\"elementor-image-box-img\"><img decoding=\"async\" src=\"https:\/\/puymelecsolaire.fr\/wp-content\/uploads\/elementor\/thumbs\/DJI_0953-scaled-qv7l7a6ueosocu70njay4yrth15yktgwwwz3elq308.jpg\" title=\"DJI_0953\" alt=\"DJI_0953\" class=\"elementor-animation-grow\" loading=\"lazy\" \/><\/figure><div class=\"elementor-image-box-content\"><h4 class=\"elementor-image-box-title\">L'evolution<\/h4><p class=\"elementor-image-box-description\">\u00c9volution du tarif du guichet ouvert. \u00c9volution de la puissance du guichet ouvert : passage de 100 \u00e0 500 kWc <\/p><\/div><\/div>\t\t<\/div>\n\t\t\t\t<\/div>\n\t\t\t\t<\/div>\n\t\t\t\t\t<\/div>\n\t\t\t\t<\/div>\n\t\t<div class=\"elementor-element elementor-element-f4b1229 e-flex e-con-boxed e-con e-parent\" data-id=\"f4b1229\" data-element_type=\"container\">\n\t\t\t\t\t<div class=\"e-con-inner\">\n\t\t\t\t<div class=\"elementor-element elementor-element-4354147 elementor-widget elementor-widget-image\" data-id=\"4354147\" data-element_type=\"widget\" data-widget_type=\"image.default\">\n\t\t\t\t<div class=\"elementor-widget-container\">\n\t\t\t\t\t\t\t\t\t\t\t\t\t<img fetchpriority=\"high\" decoding=\"async\" width=\"1024\" height=\"576\" src=\"https:\/\/puymelecsolaire.fr\/wp-content\/uploads\/2024\/03\/Navy-And-White-Modern-Project-Management-Presentation-8-1024x576.png\" class=\"attachment-large size-large wp-image-380\" alt=\"\" srcset=\"https:\/\/puymelecsolaire.fr\/wp-content\/uploads\/2024\/03\/Navy-And-White-Modern-Project-Management-Presentation-8-1024x576.png 1024w, https:\/\/puymelecsolaire.fr\/wp-content\/uploads\/2024\/03\/Navy-And-White-Modern-Project-Management-Presentation-8-300x169.png 300w, https:\/\/puymelecsolaire.fr\/wp-content\/uploads\/2024\/03\/Navy-And-White-Modern-Project-Management-Presentation-8-768x432.png 768w, https:\/\/puymelecsolaire.fr\/wp-content\/uploads\/2024\/03\/Navy-And-White-Modern-Project-Management-Presentation-8-1536x864.png 1536w, https:\/\/puymelecsolaire.fr\/wp-content\/uploads\/2024\/03\/Navy-And-White-Modern-Project-Management-Presentation-8-2048x1152.png 2048w\" sizes=\"(max-width: 1024px) 100vw, 1024px\" \/>\t\t\t\t\t\t\t\t\t\t\t\t\t<\/div>\n\t\t\t\t<\/div>\n\t\t\t\t\t<\/div>\n\t\t\t\t<\/div>\n\t\t<div class=\"elementor-element elementor-element-4176cad e-flex e-con-boxed e-con e-parent\" data-id=\"4176cad\" data-element_type=\"container\">\n\t\t\t\t\t<div class=\"e-con-inner\">\n\t\t<div class=\"elementor-element elementor-element-ac67534 e-con-full e-flex e-con e-child\" data-id=\"ac67534\" data-element_type=\"container\">\n\t\t\t\t<div class=\"elementor-element elementor-element-300f020 elementor-widget-tablet__width-initial elementor-widget-mobile__width-inherit elementor-widget__width-initial elementor-position-top elementor-widget elementor-widget-image-box\" data-id=\"300f020\" data-element_type=\"widget\" data-widget_type=\"image-box.default\">\n\t\t\t\t<div class=\"elementor-widget-container\">\n\t\t\t<div class=\"elementor-image-box-wrapper\"><figure class=\"elementor-image-box-img\"><img decoding=\"async\" src=\"https:\/\/puymelecsolaire.fr\/wp-content\/uploads\/elementor\/thumbs\/DJI_0583-scaled-qv7l65rs8t9chltq7jtznqyzxgp6du0gfcx7rpe0fs.jpg\" title=\"DJI_0583\" alt=\"DJI_0583\" class=\"elementor-animation-grow\" loading=\"lazy\" \/><\/figure><div class=\"elementor-image-box-content\"><h4 class=\"elementor-image-box-title\">Toiture plate<\/h4><p class=\"elementor-image-box-description\">Installation sur toutes types de complexe d\u2019\u00e9tanch\u00e9it\u00e9 : membrane bitumineuse, membrane PVC, bac acier isol\u00e9, dalle en b\u00e9ton gravillonn\u00e9e, etc.<\/p><\/div><\/div>\t\t<\/div>\n\t\t\t\t<\/div>\n\t\t\t\t<\/div>\n\t\t<div class=\"elementor-element elementor-element-d11288b e-con-full e-flex e-con e-child\" data-id=\"d11288b\" data-element_type=\"container\">\n\t\t\t\t<div class=\"elementor-element elementor-element-fe0d36e elementor-widget-tablet__width-initial elementor-widget-mobile__width-inherit elementor-widget__width-initial elementor-position-top elementor-widget elementor-widget-image-box\" data-id=\"fe0d36e\" data-element_type=\"widget\" data-widget_type=\"image-box.default\">\n\t\t\t\t<div class=\"elementor-widget-container\">\n\t\t\t<div class=\"elementor-image-box-wrapper\"><figure class=\"elementor-image-box-img\"><img decoding=\"async\" src=\"https:\/\/puymelecsolaire.fr\/wp-content\/uploads\/elementor\/thumbs\/DJI_0665-scaled-qv7l6lr1gzv7yz6im8qnc4xu10if0orw5k0gxeqbi0.jpg\" title=\"DJI_0665\" alt=\"DJI_0665\" class=\"elementor-animation-grow\" loading=\"lazy\" \/><\/figure><div class=\"elementor-image-box-content\"><h4 class=\"elementor-image-box-title\">Toiture inclin\u00e9e<\/h4><p class=\"elementor-image-box-description\"> Installation sur tout type de toiture : bac acier, fibrociment non amiant\u00e9, ardoises ou tuiles. \nPr\u00e9servation de l\u2019\u00e9tanch\u00e9it\u00e9 : syst\u00e8me en surimposition ou int\u00e9gr\u00e9 au b\u00e2ti (avec reprise de l\u2019\u00e9tanch\u00e9it\u00e9 de la couverture) <\/p><\/div><\/div>\t\t<\/div>\n\t\t\t\t<\/div>\n\t\t\t\t<\/div>\n\t\t\t\t\t<\/div>\n\t\t\t\t<\/div>\n\t\t<div class=\"elementor-element elementor-element-f6e3098 e-flex e-con-boxed e-con e-parent\" data-id=\"f6e3098\" data-element_type=\"container\">\n\t\t\t\t\t<div class=\"e-con-inner\">\n\t\t\t\t<div class=\"elementor-element elementor-element-0fa0946 elementor-widget elementor-widget-image\" data-id=\"0fa0946\" data-element_type=\"widget\" data-widget_type=\"image.default\">\n\t\t\t\t<div class=\"elementor-widget-container\">\n\t\t\t\t\t\t\t\t\t\t\t\t\t<img decoding=\"async\" width=\"1024\" height=\"576\" src=\"https:\/\/puymelecsolaire.fr\/wp-content\/uploads\/2024\/03\/Navy-And-White-Modern-Project-Management-Presentation-12-1024x576.png\" class=\"attachment-large size-large wp-image-486\" alt=\"\" srcset=\"https:\/\/puymelecsolaire.fr\/wp-content\/uploads\/2024\/03\/Navy-And-White-Modern-Project-Management-Presentation-12-1024x576.png 1024w, https:\/\/puymelecsolaire.fr\/wp-content\/uploads\/2024\/03\/Navy-And-White-Modern-Project-Management-Presentation-12-300x169.png 300w, https:\/\/puymelecsolaire.fr\/wp-content\/uploads\/2024\/03\/Navy-And-White-Modern-Project-Management-Presentation-12-768x432.png 768w, https:\/\/puymelecsolaire.fr\/wp-content\/uploads\/2024\/03\/Navy-And-White-Modern-Project-Management-Presentation-12-1536x864.png 1536w, https:\/\/puymelecsolaire.fr\/wp-content\/uploads\/2024\/03\/Navy-And-White-Modern-Project-Management-Presentation-12-2048x1152.png 2048w\" sizes=\"(max-width: 1024px) 100vw, 1024px\" \/>\t\t\t\t\t\t\t\t\t\t\t\t\t<\/div>\n\t\t\t\t<\/div>\n\t\t\t\t\t<\/div>\n\t\t\t\t<\/div>\n\t\t<div class=\"elementor-element elementor-element-5248691 e-flex e-con-boxed e-con e-parent\" data-id=\"5248691\" data-element_type=\"container\">\n\t\t\t\t\t<div class=\"e-con-inner\">\n\t\t\t\t<div class=\"elementor-element elementor-element-a13facc elementor-widget elementor-widget-image\" data-id=\"a13facc\" data-element_type=\"widget\" data-widget_type=\"image.default\">\n\t\t\t\t<div class=\"elementor-widget-container\">\n\t\t\t\t\t\t\t\t\t\t\t\t\t<img decoding=\"async\" width=\"1024\" height=\"576\" src=\"https:\/\/puymelecsolaire.fr\/wp-content\/uploads\/2024\/03\/Navy-And-White-Modern-Project-Management-Presentation-4-1024x576.png\" class=\"attachment-large size-large wp-image-329\" alt=\"\" srcset=\"https:\/\/puymelecsolaire.fr\/wp-content\/uploads\/2024\/03\/Navy-And-White-Modern-Project-Management-Presentation-4-1024x576.png 1024w, https:\/\/puymelecsolaire.fr\/wp-content\/uploads\/2024\/03\/Navy-And-White-Modern-Project-Management-Presentation-4-300x169.png 300w, https:\/\/puymelecsolaire.fr\/wp-content\/uploads\/2024\/03\/Navy-And-White-Modern-Project-Management-Presentation-4-768x432.png 768w, https:\/\/puymelecsolaire.fr\/wp-content\/uploads\/2024\/03\/Navy-And-White-Modern-Project-Management-Presentation-4-1536x864.png 1536w, https:\/\/puymelecsolaire.fr\/wp-content\/uploads\/2024\/03\/Navy-And-White-Modern-Project-Management-Presentation-4-2048x1152.png 2048w\" sizes=\"(max-width: 1024px) 100vw, 1024px\" \/>\t\t\t\t\t\t\t\t\t\t\t\t\t<\/div>\n\t\t\t\t<\/div>\n\t\t\t\t\t<\/div>\n\t\t\t\t<\/div>\n\t\t<div class=\"elementor-element elementor-element-a4e37f0 e-flex e-con-boxed e-con e-parent\" data-id=\"a4e37f0\" data-element_type=\"container\">\n\t\t\t\t\t<div class=\"e-con-inner\">\n\t\t\t\t<div class=\"elementor-element elementor-element-79a4a47 elementor-widget elementor-widget-google_maps\" data-id=\"79a4a47\" data-element_type=\"widget\" data-widget_type=\"google_maps.default\">\n\t\t\t\t<div class=\"elementor-widget-container\">\n\t\t\t\t\t<div class=\"elementor-custom-embed\">\n\t\t\t<iframe loading=\"lazy\"\n\t\t\t\t\tsrc=\"https:\/\/maps.google.com\/maps?q=Camp%20de%20Cabane%2C%2046130%20Prudhomat&#038;t=m&#038;z=10&#038;output=embed&#038;iwloc=near\"\n\t\t\t\t\ttitle=\"Camp de Cabane, 46130 Prudhomat\"\n\t\t\t\t\taria-label=\"Camp de Cabane, 46130 Prudhomat\"\n\t\t\t><\/iframe>\n\t\t<\/div>\n\t\t\t\t<\/div>\n\t\t\t\t<\/div>\n\t\t\t\t\t<\/div>\n\t\t\t\t<\/div>\n\t\t<div class=\"elementor-element elementor-element-77ccfb7a e-con-full e-flex e-con e-parent\" data-id=\"77ccfb7a\" data-element_type=\"container\" data-settings=\"{&quot;background_background&quot;:&quot;classic&quot;}\">\n\t\t\t\t<div class=\"elementor-element elementor-element-d7c8e4b elementor-widget elementor-widget-heading\" data-id=\"d7c8e4b\" data-element_type=\"widget\" data-widget_type=\"heading.default\">\n\t\t\t\t<div class=\"elementor-widget-container\">\n\t\t\t<h2 class=\"elementor-heading-title elementor-size-default\">Suivez - nous sur les r\u00e9seaux sociaux : <\/h2>\t\t<\/div>\n\t\t\t\t<\/div>\n\t\t\t\t<div class=\"elementor-element elementor-element-b318c87 elementor-shape-rounded elementor-grid-0 e-grid-align-center elementor-widget elementor-widget-social-icons\" data-id=\"b318c87\" data-element_type=\"widget\" data-widget_type=\"social-icons.default\">\n\t\t\t\t<div class=\"elementor-widget-container\">\n\t\t\t\t\t<div class=\"elementor-social-icons-wrapper elementor-grid\">\n\t\t\t\t\t\t\t<span class=\"elementor-grid-item\">\n\t\t\t\t\t<a class=\"elementor-icon elementor-social-icon elementor-social-icon-facebook elementor-repeater-item-d358562\" target=\"_blank\">\n\t\t\t\t\t\t<span class=\"elementor-screen-only\">Facebook<\/span>\n\t\t\t\t\t\t<svg class=\"e-font-icon-svg e-fab-facebook\" viewBox=\"0 0 512 512\" xmlns=\"http:\/\/www.w3.org\/2000\/svg\"><path d=\"M504 256C504 119 393 8 256 8S8 119 8 256c0 123.78 90.69 226.38 209.25 245V327.69h-63V256h63v-54.64c0-62.15 37-96.48 93.67-96.48 27.14 0 55.52 4.84 55.52 4.84v61h-31.28c-30.8 0-40.41 19.12-40.41 38.73V256h68.78l-11 71.69h-57.78V501C413.31 482.38 504 379.78 504 256z\"><\/path><\/svg>\t\t\t\t\t<\/a>\n\t\t\t\t<\/span>\n\t\t\t\t\t\t\t<span class=\"elementor-grid-item\">\n\t\t\t\t\t<a class=\"elementor-icon elementor-social-icon elementor-social-icon-youtube elementor-repeater-item-1840d22\" target=\"_blank\">\n\t\t\t\t\t\t<span class=\"elementor-screen-only\">Youtube<\/span>\n\t\t\t\t\t\t<svg class=\"e-font-icon-svg e-fab-youtube\" viewBox=\"0 0 576 512\" xmlns=\"http:\/\/www.w3.org\/2000\/svg\"><path d=\"M549.655 124.083c-6.281-23.65-24.787-42.276-48.284-48.597C458.781 64 288 64 288 64S117.22 64 74.629 75.486c-23.497 6.322-42.003 24.947-48.284 48.597-11.412 42.867-11.412 132.305-11.412 132.305s0 89.438 11.412 132.305c6.281 23.65 24.787 41.5 48.284 47.821C117.22 448 288 448 288 448s170.78 0 213.371-11.486c23.497-6.321 42.003-24.171 48.284-47.821 11.412-42.867 11.412-132.305 11.412-132.305s0-89.438-11.412-132.305zm-317.51 213.508V175.185l142.739 81.205-142.739 81.201z\"><\/path><\/svg>\t\t\t\t\t<\/a>\n\t\t\t\t<\/span>\n\t\t\t\t\t\t\t<span class=\"elementor-grid-item\">\n\t\t\t\t\t<a class=\"elementor-icon elementor-social-icon elementor-social-icon-linkedin elementor-repeater-item-0602a01\" target=\"_blank\">\n\t\t\t\t\t\t<span class=\"elementor-screen-only\">Linkedin<\/span>\n\t\t\t\t\t\t<svg class=\"e-font-icon-svg e-fab-linkedin\" viewBox=\"0 0 448 512\" xmlns=\"http:\/\/www.w3.org\/2000\/svg\"><path d=\"M416 32H31.9C14.3 32 0 46.5 0 64.3v383.4C0 465.5 14.3 480 31.9 480H416c17.6 0 32-14.5 32-32.3V64.3c0-17.8-14.4-32.3-32-32.3zM135.4 416H69V202.2h66.5V416zm-33.2-243c-21.3 0-38.5-17.3-38.5-38.5S80.9 96 102.2 96c21.2 0 38.5 17.3 38.5 38.5 0 21.3-17.2 38.5-38.5 38.5zm282.1 243h-66.4V312c0-24.8-.5-56.7-34.5-56.7-34.6 0-39.9 27-39.9 54.9V416h-66.4V202.2h63.7v29.2h.9c8.9-16.8 30.6-34.5 62.9-34.5 67.2 0 79.7 44.3 79.7 101.9V416z\"><\/path><\/svg>\t\t\t\t\t<\/a>\n\t\t\t\t<\/span>\n\t\t\t\t\t\t\t<span class=\"elementor-grid-item\">\n\t\t\t\t\t<a class=\"elementor-icon elementor-social-icon elementor-social-icon-instagram elementor-repeater-item-9660085\" target=\"_blank\">\n\t\t\t\t\t\t<span class=\"elementor-screen-only\">Instagram<\/span>\n\t\t\t\t\t\t<svg class=\"e-font-icon-svg e-fab-instagram\" viewBox=\"0 0 448 512\" xmlns=\"http:\/\/www.w3.org\/2000\/svg\"><path d=\"M224.1 141c-63.6 0-114.9 51.3-114.9 114.9s51.3 114.9 114.9 114.9S339 319.5 339 255.9 287.7 141 224.1 141zm0 189.6c-41.1 0-74.7-33.5-74.7-74.7s33.5-74.7 74.7-74.7 74.7 33.5 74.7 74.7-33.6 74.7-74.7 74.7zm146.4-194.3c0 14.9-12 26.8-26.8 26.8-14.9 0-26.8-12-26.8-26.8s12-26.8 26.8-26.8 26.8 12 26.8 26.8zm76.1 27.2c-1.7-35.9-9.9-67.7-36.2-93.9-26.2-26.2-58-34.4-93.9-36.2-37-2.1-147.9-2.1-184.9 0-35.8 1.7-67.6 9.9-93.9 36.1s-34.4 58-36.2 93.9c-2.1 37-2.1 147.9 0 184.9 1.7 35.9 9.9 67.7 36.2 93.9s58 34.4 93.9 36.2c37 2.1 147.9 2.1 184.9 0 35.9-1.7 67.7-9.9 93.9-36.2 26.2-26.2 34.4-58 36.2-93.9 2.1-37 2.1-147.8 0-184.8zM398.8 388c-7.8 19.6-22.9 34.7-42.6 42.6-29.5 11.7-99.5 9-132.1 9s-102.7 2.6-132.1-9c-19.6-7.8-34.7-22.9-42.6-42.6-11.7-29.5-9-99.5-9-132.1s-2.6-102.7 9-132.1c7.8-19.6 22.9-34.7 42.6-42.6 29.5-11.7 99.5-9 132.1-9s102.7-2.6 132.1 9c19.6 7.8 34.7 22.9 42.6 42.6 11.7 29.5 9 99.5 9 132.1s2.7 102.7-9 132.1z\"><\/path><\/svg>\t\t\t\t\t<\/a>\n\t\t\t\t<\/span>\n\t\t\t\t\t<\/div>\n\t\t\t\t<\/div>\n\t\t\t\t<\/div>\n\t\t\t\t<\/div>\n\t\t\t\t<\/div>\n\t\t","protected":false},"excerpt":{"rendered":"<p>Puymelec Solaire, votre \u00e9nergie solaire locale et sur mesure. Install\u00e9e dans le Lot et la Correze , Puymelec Solaire, entreprise locale et familiale sp\u00e9cialiste de l\u2019\u00e9nergie solaire photovolta\u00efque vous propose des solutions adapt\u00e9es \u00e0 vos besoins. 05.65.40.95.76 Vous \u00eates un industriel ? Le contexte est constamment en mouvement, mais que disent les lois ? Loi [&hellip;]<\/p>\n","protected":false},"author":3,"featured_media":0,"parent":0,"menu_order":0,"comment_status":"closed","ping_status":"closed","template":"elementor_header_footer","meta":{"footnotes":""},"class_list":["post-299","page","type-page","status-publish","hentry"],"_links":{"self":[{"href":"https:\/\/puymelecsolaire.fr\/index.php?rest_route=\/wp\/v2\/pages\/299"}],"collection":[{"href":"https:\/\/puymelecsolaire.fr\/index.php?rest_route=\/wp\/v2\/pages"}],"about":[{"href":"https:\/\/puymelecsolaire.fr\/index.php?rest_route=\/wp\/v2\/types\/page"}],"author":[{"embeddable":true,"href":"https:\/\/puymelecsolaire.fr\/index.php?rest_route=\/wp\/v2\/users\/3"}],"replies":[{"embeddable":true,"href":"https:\/\/puymelecsolaire.fr\/index.php?rest_route=%2Fwp%2Fv2%2Fcomments&post=299"}],"version-history":[{"count":34,"href":"https:\/\/puymelecsolaire.fr\/index.php?rest_route=\/wp\/v2\/pages\/299\/revisions"}],"predecessor-version":[{"id":893,"href":"https:\/\/puymelecsolaire.fr\/index.php?rest_route=\/wp\/v2\/pages\/299\/revisions\/893"}],"wp:attachment":[{"href":"https:\/\/puymelecsolaire.fr\/index.php?rest_route=%2Fwp%2Fv2%2Fmedia&parent=299"}],"curies":[{"name":"wp","href":"https:\/\/api.w.org\/{rel}","templated":true}]}}